{"id":80,"date":"2026-03-05T16:49:19","date_gmt":"2026-03-05T16:49:19","guid":{"rendered":"https:\/\/www.mertarunclub.fi\/index.php\/tuote\/kuukausijasenyys-2\/"},"modified":"2026-03-27T11:39:35","modified_gmt":"2026-03-27T11:39:35","slug":"kuukausijasenyys-2","status":"publish","type":"product","link":"https:\/\/www.mertarunclub.fi\/?product=kuukausijasenyys-2","title":{"rendered":"Kuukausij\u00e4senyys"},"content":{"rendered":"<ul>\n<li>2 yhteislenkki\u00e4 viikossa<\/li>\n<li>Lenkkiafterit 1 x kk<\/li>\n<li>Juoksuvalmennusta 2 x kausi (kev\u00e4t\/syys)<\/li>\n<li>Ensimm\u00e4isest\u00e4 merch-er\u00e4st\u00e4 yll\u00e4tyslahja<\/li>\n<li>Muut mahdolliset yhteisty\u00f6edut\/alennukset<\/li>\n<li>J\u00e4senyys alkaa ostohetkest\u00e4 ja jatkuu kalenterikuukausi kerrallaan kunnes se perutaan<\/li>\n<\/ul>\n","protected":false},"excerpt":{"rendered":"<ul>\n<li>2 yhteislenkki\u00e4 viikossa<\/li>\n<li>Lenkkiafterit 1 x kk<\/li>\n<li>Juoksuvalmennusta 2 x kausi (kev\u00e4t\/syys)<\/li>\n<li>Ensimm\u00e4isest\u00e4 merch-er\u00e4st\u00e4 yll\u00e4tyslahja<\/li>\n<li>Mahdolliset yhteisty\u00f6edut\/alennukset<\/li>\n<li>J\u00e4senyys alkaa ostohetkest\u00e4 ja jatkuu kalenterikuukausi kerrallaan kunnes se perutaan<\/li>\n<\/ul>\n","protected":false},"featured_media":0,"template":"","meta":{"_et_pb_use_builder":"off","_et_pb_old_content":"<ul>\r\n \t<li>2 yhteislenkki\u00e4 viikossa<\/li>\r\n \t<li>Lenkkiafterit 1 x kk<\/li>\r\n \t<li>Juoksuvalmennusta 2 x kausi (kev\u00e4t\/syys)<\/li>\r\n \t<li>Ensimm\u00e4isest\u00e4 merch-er\u00e4st\u00e4 yll\u00e4tyslahja<\/li>\r\n \t<li>Muut mahdolliset yhteisty\u00f6edut\/alennukset<\/li>\r\n<\/ul>","_et_gb_content_width":""},"product_brand":[],"product_cat":[15],"product_tag":[],"class_list":{"0":"post-80","1":"product","2":"type-product","3":"status-publish","5":"product_cat-yleinen","7":"first","8":"instock","9":"virtual","10":"sold-individually","11":"purchasable","12":"product-type-simple"},"jetpack_sharing_enabled":true,"_links":{"self":[{"href":"https:\/\/www.mertarunclub.fi\/index.php?rest_route=\/wp\/v2\/product\/80","targetHints":{"allow":["GET"]}}],"collection":[{"href":"https:\/\/www.mertarunclub.fi\/index.php?rest_route=\/wp\/v2\/product"}],"about":[{"href":"https:\/\/www.mertarunclub.fi\/index.php?rest_route=\/wp\/v2\/types\/product"}],"wp:attachment":[{"href":"https:\/\/www.mertarunclub.fi\/index.php?rest_route=%2Fwp%2Fv2%2Fmedia&parent=80"}],"wp:term":[{"taxonomy":"product_brand","embeddable":true,"href":"https:\/\/www.mertarunclub.fi\/index.php?rest_route=%2Fwp%2Fv2%2Fproduct_brand&post=80"},{"taxonomy":"product_cat","embeddable":true,"href":"https:\/\/www.mertarunclub.fi\/index.php?rest_route=%2Fwp%2Fv2%2Fproduct_cat&post=80"},{"taxonomy":"product_tag","embeddable":true,"href":"https:\/\/www.mertarunclub.fi\/index.php?rest_route=%2Fwp%2Fv2%2Fproduct_tag&post=80"}],"curies":[{"name":"wp","href":"https:\/\/api.w.org\/{rel}","templated":true}]}}