{"id":18,"date":"2026-03-09T19:04:05","date_gmt":"2026-03-09T19:04:05","guid":{"rendered":"https:\/\/www.mertarunclub.fi\/?page_id=18"},"modified":"2026-04-11T16:18:51","modified_gmt":"2026-04-11T16:18:51","slug":"etusivu","status":"publish","type":"page","link":"https:\/\/www.mertarunclub.fi\/","title":{"rendered":"Etusivu"},"content":{"rendered":"<p>[et_pb_section fb_built=&#8221;1&#8243; disabled_on=&#8221;on|off|off&#8221; _builder_version=&#8221;4.27.6&#8243; _module_preset=&#8221;default&#8221; background_video_mp4=&#8221;https:\/\/www.mertarunclub.fi\/wp-content\/uploads\/2026\/03\/Adobe-Express-copy_E85831FB-C26C-428F-B88B-63A267310C9D.mp4&#8243; width=&#8221;100%&#8221; height=&#8221;690px&#8221; height_tablet=&#8221;690px&#8221; height_phone=&#8221;690px&#8221; height_last_edited=&#8221;on|desktop&#8221; custom_padding=&#8221;||29px|||&#8221; global_colors_info=&#8221;{}&#8221;][\/et_pb_section][et_pb_section fb_built=&#8221;1&#8243; disabled_on=&#8221;off|on|on&#8221; _builder_version=&#8221;4.27.6&#8243; _module_preset=&#8221;default&#8221; background_video_mp4=&#8221;https:\/\/www.mertarunclub.fi\/wp-content\/uploads\/2026\/03\/Adobe-Express-copy_5C04E7EF-EAEB-441A-9C5F-65BBC91905D3-1.mp4&#8243; width=&#8221;100%&#8221; max_width=&#8221;100%&#8221; min_height=&#8221;100px&#8221; height=&#8221;590px&#8221; global_colors_info=&#8221;{}&#8221;][et_pb_row _builder_version=&#8221;4.27.6&#8243; _module_preset=&#8221;default&#8221; global_colors_info=&#8221;{}&#8221;][et_pb_column type=&#8221;4_4&#8243; _builder_version=&#8221;4.27.6&#8243; _module_preset=&#8221;default&#8221; global_colors_info=&#8221;{}&#8221;][\/et_pb_column][\/et_pb_row][\/et_pb_section][et_pb_section fb_built=&#8221;1&#8243; _builder_version=&#8221;4.27.6&#8243; _module_preset=&#8221;default&#8221; background_color=&#8221;#f7f7f7&#8243; custom_margin=&#8221;0px||0px||false|false&#8221; custom_padding=&#8221;0px||0px||false|false&#8221; global_colors_info=&#8221;{}&#8221;][et_pb_row column_structure=&#8221;1_2,1_2&#8243; custom_padding_last_edited=&#8221;on|phone&#8221; _builder_version=&#8221;4.27.6&#8243; _module_preset=&#8221;default&#8221; width=&#8221;100%&#8221; width_tablet=&#8221;&#8221; width_phone=&#8221;80%&#8221; width_last_edited=&#8221;on|phone&#8221; max_width=&#8221;2560px&#8221; custom_margin=&#8221;||||false|false&#8221; custom_margin_tablet=&#8221;||||false|false&#8221; custom_margin_phone=&#8221;||||false|false&#8221; custom_margin_last_edited=&#8221;on|phone&#8221; custom_padding=&#8221;||||false|false&#8221; custom_padding_tablet=&#8221;||||false|false&#8221; custom_padding_phone=&#8221;0px||||false|false&#8221; global_colors_info=&#8221;{}&#8221;][et_pb_column type=&#8221;1_2&#8243; _builder_version=&#8221;4.27.6&#8243; _module_preset=&#8221;default&#8221; global_colors_info=&#8221;{}&#8221;][et_pb_text _builder_version=&#8221;4.27.6&#8243; _module_preset=&#8221;default&#8221; header_font_size=&#8221;19px&#8221; header_3_font=&#8221;Tan nimbus||||||||&#8221; header_3_text_color=&#8221;#14477d&#8221; header_3_font_size=&#8221;34px&#8221; header_3_line_height=&#8221;1.8em&#8221; module_alignment=&#8221;center&#8221; custom_margin=&#8221;100px|0px||0px|false|false&#8221; custom_margin_tablet=&#8221;110px|0px||0px|false|false&#8221; custom_margin_phone=&#8221;70px|0px||0px|false|false&#8221; custom_margin_last_edited=&#8221;on|phone&#8221; custom_padding=&#8221;|100px||100px|false|true&#8221; custom_padding_tablet=&#8221;|0px||0px|false|true&#8221; custom_padding_phone=&#8221;|0px||0px|false|true&#8221; custom_padding_last_edited=&#8221;on|phone&#8221; hover_transition_duration=&#8221;0ms&#8221; scroll_horizontal_motion_enable=&#8221;off&#8221; scroll_fade_enable=&#8221;on&#8221; scroll_scaling_enable=&#8221;off&#8221; scroll_rotating_enable=&#8221;off&#8221; scroll_rotating=&#8221;0|50|50|100|10\u00b0|0|5\u00b0&#8221; scroll_blur_enable=&#8221;off&#8221; motion_trigger_start=&#8221;top&#8221; header_3_font_size_tablet=&#8221;31px&#8221; header_3_font_size_phone=&#8221;31px&#8221; header_3_font_size_last_edited=&#8221;on|phone&#8221; global_colors_info=&#8221;{}&#8221;]<\/p>\n<h3>Tuukko n\u00e4\u00e4 juoksee pitkin merta ja rantaa?<\/h3>\n<p>[\/et_pb_text][et_pb_text _builder_version=&#8221;4.27.6&#8243; _module_preset=&#8221;default&#8221; text_font=&#8221;Trebuchet|500|||||||&#8221; text_text_color=&#8221;#002d5e&#8221; text_font_size=&#8221;19px&#8221; text_line_height=&#8221;1.8em&#8221; custom_margin_tablet=&#8221;||50px||false|false&#8221; custom_margin_phone=&#8221;||40px||false|false&#8221; custom_margin_last_edited=&#8221;on|tablet&#8221; custom_padding=&#8221;|||100px|false|false&#8221; custom_padding_tablet=&#8221;|50px||100px|false|false&#8221; custom_padding_phone=&#8221;|0px||0px|false|true&#8221; custom_padding_last_edited=&#8221;on|phone&#8221; hover_enabled=&#8221;0&#8243; text_line_height_tablet=&#8221;1.6em&#8221; text_line_height_phone=&#8221;1.7em&#8221; text_line_height_last_edited=&#8221;on|phone&#8221; global_colors_info=&#8221;{}&#8221; sticky_enabled=&#8221;0&#8243;]<\/p>\n<p><strong>Merta Run Club on Oululainen juoksuklubi, jossa juostaan 2x viikossa pitkin merta ja rantaa.<\/strong> T\u00e4ss\u00e4 yhteis\u00f6ss\u00e4 p\u00e4\u00e4set nauttimaan juoksun huumasta yhdess\u00e4 samanhenkisten ihmisten kanssa. Lis\u00e4ksi p\u00e4\u00e4set mukaan kuukausittaisille lenkkiaftereille kahvin ja smoothien \u00e4\u00e4relle. Kaksi kertaa kaudessa meill\u00e4 on lenkkien lis\u00e4ksi juoksuvalmennusta, joko ulkopuolisen juoksuvalmentajan tai klubin vet\u00e4j\u00e4n Sofian toimesta.<\/p>\n<p>Viet\u00e4mme kuukausittain my\u00f6s erillisen lenkki&amp;sauna eventin, joka on ollut juoksijoiden suosiossa.<\/p>\n<p>Lenkit tiistaisin klo 18 ja sunnuntaisin klo 10 ymp\u00e4ri vuoden! Poikkeusaikatauluista ja spesiaalieventeist\u00e4 tiedotamme erikseen whatsapissa, instagramissa sek\u00e4 stravassa.<br \/>Lomailemme juhannus- ja jouluviikon!<\/p>\n<p>Ota yhteytt\u00e4 instagramissa @mertarunclub tai spostilla sofia.mertaniemi@gmail.com<\/p>\n<p>Tervetuloa mukaan lenkille!<\/p>\n<p>[\/et_pb_text][\/et_pb_column][et_pb_column type=&#8221;1_2&#8243; _builder_version=&#8221;4.27.6&#8243; _module_preset=&#8221;default&#8221; global_colors_info=&#8221;{}&#8221;][et_pb_image src=&#8221;https:\/\/www.mertarunclub.fi\/wp-content\/uploads\/2026\/03\/IMG_5942-scaled.jpeg&#8221; align=&#8221;right&#8221; force_fullwidth=&#8221;on&#8221; align_tablet=&#8221;right&#8221; align_phone=&#8221;center&#8221; align_last_edited=&#8221;on|desktop&#8221; _builder_version=&#8221;4.27.6&#8243; _module_preset=&#8221;default&#8221; width_tablet=&#8221;&#8221; width_phone=&#8221;100%&#8221; width_last_edited=&#8221;on|phone&#8221; max_width_tablet=&#8221;&#8221; max_width_phone=&#8221;&#8221; max_width_last_edited=&#8221;on|phone&#8221; min_height=&#8221;479px&#8221; min_height_tablet=&#8221;244px&#8221; min_height_phone=&#8221;244px&#8221; min_height_last_edited=&#8221;on|desktop&#8221; custom_padding_tablet=&#8221;&#8221; custom_padding_phone=&#8221;||||false|false&#8221; custom_padding_last_edited=&#8221;on|phone&#8221; hover_transition_duration=&#8221;0ms&#8221; scroll_vertical_motion_enable=&#8221;on&#8221; scroll_vertical_motion=&#8221;0|50|50|100|1|0|-1&#8243; hover_enabled=&#8221;0&#8243; global_colors_info=&#8221;{}&#8221; sticky_enabled=&#8221;0&#8243;][\/et_pb_image][\/et_pb_column][\/et_pb_row][\/et_pb_section][et_pb_section fb_built=&#8221;1&#8243; _builder_version=&#8221;4.27.6&#8243; _module_preset=&#8221;default&#8221; background_color=&#8221;#14477d&#8221; global_colors_info=&#8221;{}&#8221;][et_pb_row _builder_version=&#8221;4.27.6&#8243; _module_preset=&#8221;default&#8221; custom_margin=&#8221;15px||||false|false&#8221; custom_margin_tablet=&#8221;15px||||false|false&#8221; custom_margin_phone=&#8221;0px||||false|false&#8221; custom_margin_last_edited=&#8221;on|phone&#8221; global_colors_info=&#8221;{}&#8221;][et_pb_column type=&#8221;4_4&#8243; _builder_version=&#8221;4.27.6&#8243; _module_preset=&#8221;default&#8221; global_colors_info=&#8221;{}&#8221;][et_pb_text _builder_version=&#8221;4.27.6&#8243; _module_preset=&#8221;default&#8221; header_text_color=&#8221;#f7f3ed&#8221; header_3_font=&#8221;Tan nimbus||||||||&#8221; header_3_text_color=&#8221;#FFFFFF&#8221; header_3_font_size=&#8221;31px&#8221; module_alignment=&#8221;center&#8221; scroll_rotating_enable=&#8221;off&#8221; scroll_rotating=&#8221;0|50|50|100|10\u00b0|0|-5\u00b0&#8221; motion_trigger_start=&#8221;top&#8221; header_3_font_size_tablet=&#8221;31px&#8221; header_3_font_size_phone=&#8221;31px&#8221; header_3_font_size_last_edited=&#8221;on|phone&#8221; header_3_line_height_tablet=&#8221;&#8221; header_3_line_height_phone=&#8221;1.6em&#8221; header_3_line_height_last_edited=&#8221;on|phone&#8221; global_colors_info=&#8221;{}&#8221;]<\/p>\n<h3>Hinnoittelu ja j\u00e4senyys<\/h3>\n<p>[\/et_pb_text][\/et_pb_column][\/et_pb_row][et_pb_row column_structure=&#8221;1_2,1_2&#8243; _builder_version=&#8221;4.27.6&#8243; _module_preset=&#8221;default&#8221; global_colors_info=&#8221;{}&#8221;][et_pb_column type=&#8221;1_2&#8243; _builder_version=&#8221;4.27.6&#8243; _module_preset=&#8221;default&#8221; global_colors_info=&#8221;{}&#8221;][et_pb_text _builder_version=&#8221;4.27.6&#8243; _module_preset=&#8221;default&#8221; text_font=&#8221;Arial|700|||||||&#8221; text_text_color=&#8221;#f7f3ed&#8221; text_font_size=&#8221;25px&#8221; custom_margin=&#8221;||20px||false|false&#8221; custom_padding=&#8221;||0px||false|false&#8221; global_colors_info=&#8221;{}&#8221;]<\/p>\n<p>KUUKAUSIJ\u00c4SENYYS<\/p>\n<p>[\/et_pb_text][et_pb_text _builder_version=&#8221;4.27.6&#8243; _module_preset=&#8221;default&#8221; text_font=&#8221;Trebuchet||||||||&#8221; text_text_color=&#8221;#f7f3ed&#8221; text_font_size=&#8221;19px&#8221; text_line_height=&#8221;1em&#8221; custom_margin=&#8221;||0px||false|false&#8221; custom_padding=&#8221;||0px||false|false&#8221; global_colors_info=&#8221;{}&#8221;]<\/p>\n<ul>\n<li>2 yhteislenkki\u00e4 viikossa<\/li>\n<li>Lenkkiafterit 1 x kk<\/li>\n<li>Juoksuvalmennusta 2 x kausi (kev\u00e4t\/syys)<\/li>\n<li>Ensimm\u00e4isest\u00e4 merch-er\u00e4st\u00e4 yll\u00e4tyslahja<\/li>\n<li>Mahdolliset yhteisty\u00f6edut\/alennukset<\/li>\n<li>J\u00e4senyys alkaa ostohetkest\u00e4 ja jatkuu kalenterikuukausi kerrallaan kunnes se perutaan<\/li>\n<\/ul>\n<p>[\/et_pb_text][et_pb_text _builder_version=&#8221;4.27.6&#8243; _module_preset=&#8221;default&#8221; text_font=&#8221;Arial|700|||||||&#8221; text_text_color=&#8221;#f7f3ed&#8221; text_font_size=&#8221;25px&#8221; custom_margin=&#8221;0px||||false|false&#8221; custom_padding=&#8221;0px||||false|false&#8221; global_colors_info=&#8221;{}&#8221;]<\/p>\n<p>29,90 \u20ac \/ kuukausi<\/p>\n<p>[\/et_pb_text][et_pb_wc_add_to_cart product=&#8221;80&#8243; show_quantity=&#8221;off&#8221; _builder_version=&#8221;4.27.6&#8243; _module_preset=&#8221;default&#8221; fields_background_color=&#8221;#FFFFFF&#8221; fields_text_color=&#8221;#14477d&#8221; custom_button=&#8221;on&#8221; button_text_color=&#8221;#14477d&#8221; button_bg_color=&#8221;#FFFFFF&#8221; button_border_width=&#8221;0px&#8221; button_border_radius=&#8221;100px&#8221; button_font=&#8221;Tan nimbus||||||||&#8221; button_custom_margin=&#8221;15px||||false|false&#8221; button_custom_padding=&#8221;12px|30px|10px|30px|false|true&#8221; global_colors_info=&#8221;{}&#8221;][\/et_pb_wc_add_to_cart][\/et_pb_column][et_pb_column type=&#8221;1_2&#8243; _builder_version=&#8221;4.27.6&#8243; _module_preset=&#8221;default&#8221; global_colors_info=&#8221;{}&#8221;][et_pb_text _builder_version=&#8221;4.27.6&#8243; _module_preset=&#8221;default&#8221; text_font=&#8221;Arial|700|||||||&#8221; text_text_color=&#8221;#f7f3ed&#8221; text_font_size=&#8221;25px&#8221; custom_margin=&#8221;||20px||false|false&#8221; custom_margin_tablet=&#8221;50px||20px||false|false&#8221; custom_margin_phone=&#8221;50px||20px||false|false&#8221; custom_margin_last_edited=&#8221;on|tablet&#8221; custom_padding=&#8221;||0px||false|false&#8221; global_colors_info=&#8221;{}&#8221;]<\/p>\n<p>10 KERRAN KORTTI<\/p>\n<p>[\/et_pb_text][et_pb_text _builder_version=&#8221;4.27.6&#8243; _module_preset=&#8221;default&#8221; text_font=&#8221;Trebuchet||||||||&#8221; text_text_color=&#8221;#f7f3ed&#8221; text_font_size=&#8221;19px&#8221; text_line_height=&#8221;1em&#8221; custom_margin=&#8221;||0px||false|false&#8221; custom_padding=&#8221;||0px||false|false&#8221; global_colors_info=&#8221;{}&#8221;]<\/p>\n<ul>\n<li>1O kerran sarjakortti<br \/>(voimassaoloaika 1 vuosi)<\/li>\n<li>Osallistumen kaikille lenkeille sallittu, my\u00f6s lenkkiaftereille ja juoksuvalmennuksiin<\/li>\n<li>Mahdolliset yhteisty\u00f6edut\/alennukset<\/li>\n<\/ul>\n<p>[\/et_pb_text][et_pb_text _builder_version=&#8221;4.27.6&#8243; _module_preset=&#8221;default&#8221; text_font=&#8221;Arial|700|||||||&#8221; text_text_color=&#8221;#f7f3ed&#8221; text_font_size=&#8221;25px&#8221; custom_margin=&#8221;0px||||false|false&#8221; custom_padding=&#8221;0px||||false|false&#8221; global_colors_info=&#8221;{}&#8221;]<\/p>\n<p>55,00 \u20ac<\/p>\n<p>[\/et_pb_text][et_pb_wc_add_to_cart product=&#8221;219&#8243; show_quantity=&#8221;off&#8221; _builder_version=&#8221;4.27.6&#8243; _module_preset=&#8221;default&#8221; fields_background_color=&#8221;#FFFFFF&#8221; fields_text_color=&#8221;#14477d&#8221; custom_button=&#8221;on&#8221; button_text_color=&#8221;#14477d&#8221; button_bg_color=&#8221;#FFFFFF&#8221; button_border_width=&#8221;0px&#8221; button_border_radius=&#8221;100px&#8221; button_font=&#8221;Tan nimbus||||||||&#8221; button_custom_margin=&#8221;15px||||false|false&#8221; button_custom_padding=&#8221;12px|30px|10px|30px|false|true&#8221; global_colors_info=&#8221;{}&#8221;][\/et_pb_wc_add_to_cart][\/et_pb_column][\/et_pb_row][et_pb_row column_structure=&#8221;1_2,1_2&#8243; _builder_version=&#8221;4.27.6&#8243; _module_preset=&#8221;default&#8221; custom_margin=&#8221;20px||40px||false|false&#8221; custom_margin_tablet=&#8221;20px||40px||false|false&#8221; custom_margin_phone=&#8221;20px||40px||false|false&#8221; custom_margin_last_edited=&#8221;on|desktop&#8221; global_colors_info=&#8221;{}&#8221;][et_pb_column type=&#8221;1_2&#8243; _builder_version=&#8221;4.27.6&#8243; _module_preset=&#8221;default&#8221; global_colors_info=&#8221;{}&#8221;][et_pb_text _builder_version=&#8221;4.27.6&#8243; _module_preset=&#8221;default&#8221; text_font=&#8221;Arial|700|||||||&#8221; text_text_color=&#8221;#f7f3ed&#8221; text_font_size=&#8221;25px&#8221; custom_margin=&#8221;||20px||false|false&#8221; custom_padding=&#8221;||0px||false|false&#8221; global_colors_info=&#8221;{}&#8221;]<\/p>\n<p>KERTAMAKSU<\/p>\n<p>[\/et_pb_text][et_pb_text _builder_version=&#8221;4.27.6&#8243; _module_preset=&#8221;default&#8221; text_font=&#8221;Trebuchet||||||||&#8221; text_text_color=&#8221;#f7f3ed&#8221; text_font_size=&#8221;19px&#8221; text_line_height=&#8221;1em&#8221; custom_margin=&#8221;||0px||false|false&#8221; custom_padding=&#8221;||0px||false|false&#8221; global_colors_info=&#8221;{}&#8221;]<\/p>\n<ul>\n<li>1 Osallistuminen vapaavalintaiselle lenkille<\/li>\n<\/ul>\n<p>[\/et_pb_text][et_pb_text _builder_version=&#8221;4.27.6&#8243; _module_preset=&#8221;default&#8221; text_font=&#8221;Arial|700|||||||&#8221; text_text_color=&#8221;#f7f3ed&#8221; text_font_size=&#8221;25px&#8221; custom_margin=&#8221;0px||||false|false&#8221; custom_padding=&#8221;0px||||false|false&#8221; global_colors_info=&#8221;{}&#8221;]<\/p>\n<p>7,00 \u20ac<\/p>\n<p>[\/et_pb_text][et_pb_wc_add_to_cart product=&#8221;220&#8243; show_quantity=&#8221;off&#8221; _builder_version=&#8221;4.27.6&#8243; _module_preset=&#8221;default&#8221; fields_background_color=&#8221;#FFFFFF&#8221; fields_text_color=&#8221;#14477d&#8221; custom_button=&#8221;on&#8221; button_text_color=&#8221;#14477d&#8221; button_bg_color=&#8221;#FFFFFF&#8221; button_border_width=&#8221;0px&#8221; button_border_radius=&#8221;100px&#8221; button_font=&#8221;Tan nimbus||||||||&#8221; button_custom_margin=&#8221;15px||||false|false&#8221; button_custom_padding=&#8221;12px|30px|10px|30px|false|true&#8221; global_colors_info=&#8221;{}&#8221;][\/et_pb_wc_add_to_cart][\/et_pb_column][et_pb_column type=&#8221;1_2&#8243; _builder_version=&#8221;4.27.6&#8243; _module_preset=&#8221;default&#8221; global_colors_info=&#8221;{}&#8221;][et_pb_text _builder_version=&#8221;4.27.6&#8243; _module_preset=&#8221;default&#8221; text_font=&#8221;Arial||||||||&#8221; text_text_color=&#8221;#f7f3ed&#8221; text_font_size=&#8221;19px&#8221; text_line_height=&#8221;1.6em&#8221; custom_margin=&#8221;42px||0px||false|false&#8221; custom_margin_tablet=&#8221;||0px||false|false&#8221; custom_margin_phone=&#8221;40px||0px||false|false&#8221; custom_margin_last_edited=&#8221;on|phone&#8221; custom_padding=&#8221;||0px||false|false&#8221; global_colors_info=&#8221;{}&#8221;]<\/p>\n<p>J\u00e4senen\u00e4 p\u00e4\u00e4set liittym\u00e4\u00e4n whatsapp-ryhmiin, joissa voit keskustella muiden juoksijoiden kanssa ja saat lis\u00e4tietoa eventeist\u00e4. Hinnat sis\u00e4lt\u00e4v\u00e4t arvonlis\u00e4verot.<\/p>\n<p>[\/et_pb_text][\/et_pb_column][\/et_pb_row][\/et_pb_section]<\/p>\n","protected":false},"excerpt":{"rendered":"<p>Tuukko n\u00e4\u00e4 juoksee pitkin merta ja rantaa?Merta Run Club on Oululainen juoksuklubi, jossa juostaan 2x viikossa pitkin merta ja rantaa. T\u00e4ss\u00e4 yhteis\u00f6ss\u00e4 p\u00e4\u00e4set nauttimaan juoksun huumasta yhdess\u00e4 samanhenkisten ihmisten kanssa. Lis\u00e4ksi p\u00e4\u00e4set mukaan kuukausittaisille lenkkiaftereille kahvin ja smoothien \u00e4\u00e4relle. Kaksi kertaa kaudessa meill\u00e4 on lenkkien lis\u00e4ksi juoksuvalmennusta, joko ulkopuolisen juoksuvalmentajan tai klubin vet\u00e4j\u00e4n Sofian toimesta. [&hellip;]<\/p>\n","protected":false},"author":1,"featured_media":42,"parent":0,"menu_order":0,"comment_status":"closed","ping_status":"closed","template":"","meta":{"_et_pb_use_builder":"on","_et_pb_old_content":"","_et_gb_content_width":"","footnotes":""},"class_list":["post-18","page","type-page","status-publish","has-post-thumbnail","hentry"],"jetpack_sharing_enabled":true,"_links":{"self":[{"href":"https:\/\/www.mertarunclub.fi\/index.php?rest_route=\/wp\/v2\/pages\/18","targetHints":{"allow":["GET"]}}],"collection":[{"href":"https:\/\/www.mertarunclub.fi\/index.php?rest_route=\/wp\/v2\/pages"}],"about":[{"href":"https:\/\/www.mertarunclub.fi\/index.php?rest_route=\/wp\/v2\/types\/page"}],"author":[{"embeddable":true,"href":"https:\/\/www.mertarunclub.fi\/index.php?rest_route=\/wp\/v2\/users\/1"}],"replies":[{"embeddable":true,"href":"https:\/\/www.mertarunclub.fi\/index.php?rest_route=%2Fwp%2Fv2%2Fcomments&post=18"}],"version-history":[{"count":185,"href":"https:\/\/www.mertarunclub.fi\/index.php?rest_route=\/wp\/v2\/pages\/18\/revisions"}],"predecessor-version":[{"id":563,"href":"https:\/\/www.mertarunclub.fi\/index.php?rest_route=\/wp\/v2\/pages\/18\/revisions\/563"}],"wp:featuredmedia":[{"embeddable":true,"href":"https:\/\/www.mertarunclub.fi\/index.php?rest_route=\/wp\/v2\/media\/42"}],"wp:attachment":[{"href":"https:\/\/www.mertarunclub.fi\/index.php?rest_route=%2Fwp%2Fv2%2Fmedia&parent=18"}],"curies":[{"name":"wp","href":"https:\/\/api.w.org\/{rel}","templated":true}]}}